{"id":5548,"date":"2023-01-12T10:13:25","date_gmt":"2023-01-12T10:13:25","guid":{"rendered":"https:\/\/dolcevitauae.com\/products\/uncategorized\/photo-prints\/"},"modified":"2024-09-01T17:08:05","modified_gmt":"2024-09-01T17:08:05","slug":"photo-prints","status":"publish","type":"product","link":"https:\/\/dolcevitauae.com\/ar\/products\/%d8%ae%d8%af%d9%85%d8%a7%d8%aa-%d8%a5%d8%b6%d8%a7%d9%81%d9%8a%d8%a9\/photo-prints\/","title":{"rendered":"\u0637\u0628\u0627\u0639\u0629 \u0635\u0648\u0631"},"content":{"rendered":"<p>&nbsp;<\/p>\n<p>\u062c\u062f\u0648\u0644 \u0623\u0633\u0639\u0627\u0631 \u0637\u0628\u0627\u0639\u0629 \u0627\u0644\u0635\u0648\u0631:<\/p>\n<p><strong>\u0627\u0644\u0623\u062d\u062c\u0627\u0645 \u0628\u0627\u0644\u0633\u0645<\/strong><\/p>\n<ul>\n<li>15 \u00d7 15<\/li>\n<li>20 \u00d7 20<\/li>\n<li>20 \u00d7 15<\/li>\n<li>20 \u00d7 30<\/li>\n<li>25 \u00d7 25<\/li>\n<li>30 \u00d7 30<\/li>\n<li>35 \u00d7 35<\/li>\n<li>40 \u00d7 30<\/li>\n<li>40 \u00d7 40<\/li>\n<li>40 \u00d7 50<\/li>\n<li>60 \u00d7 40<\/li>\n<li>60 \u00d7 50<\/li>\n<li>60 \u00d7 60<\/li>\n<li>60 \u00d7 70<\/li>\n<li>60 \u00d7 80<\/li>\n<\/ul>\n<p>&nbsp;<\/p>\n","protected":false},"excerpt":{"rendered":"<p>&nbsp; \u062c\u062f\u0648\u0644 \u0623\u0633\u0639\u0627\u0631 \u0637\u0628\u0627\u0639\u0629 \u0627\u0644\u0635\u0648\u0631: \u0627\u0644\u0623\u062d\u062c\u0627\u0645 \u0628\u0627\u0644\u0633\u0645 15 \u00d7 15 20 \u00d7 20 20 \u00d7 15 20 \u00d7 30 25 \u00d7 25 30 \u00d7 30 35 \u00d7 35 40 \u00d7 30 40 \u00d7 40 40 \u00d7 50 60 \u00d7 40 60 \u00d7 50 60 \u00d7 60 60 \u00d7 70 60 \u00d7 80 &nbsp;<\/p>\n","protected":false},"featured_media":4727,"template":"elementor_theme","meta":[],"product_brand":[],"product_cat":[119],"product_tag":[],"class_list":{"0":"post-5548","1":"product","2":"type-product","3":"status-publish","4":"has-post-thumbnail","6":"product_cat-119","9":"instock","10":"downloadable","11":"virtual","12":"product-type-simple","13":"product-grid-view"},"_links":{"self":[{"href":"https:\/\/dolcevitauae.com\/ar\/wp-json\/wp\/v2\/product\/5548","targetHints":{"allow":["GET"]}}],"collection":[{"href":"https:\/\/dolcevitauae.com\/ar\/wp-json\/wp\/v2\/product"}],"about":[{"href":"https:\/\/dolcevitauae.com\/ar\/wp-json\/wp\/v2\/types\/product"}],"version-history":[{"count":1,"href":"https:\/\/dolcevitauae.com\/ar\/wp-json\/wp\/v2\/product\/5548\/revisions"}],"predecessor-version":[{"id":5566,"href":"https:\/\/dolcevitauae.com\/ar\/wp-json\/wp\/v2\/product\/5548\/revisions\/5566"}],"wp:featuredmedia":[{"embeddable":true,"href":"https:\/\/dolcevitauae.com\/ar\/wp-json\/wp\/v2\/media\/4727"}],"wp:attachment":[{"href":"https:\/\/dolcevitauae.com\/ar\/wp-json\/wp\/v2\/media?parent=5548"}],"wp:term":[{"taxonomy":"product_brand","embeddable":true,"href":"https:\/\/dolcevitauae.com\/ar\/wp-json\/wp\/v2\/product_brand?post=5548"},{"taxonomy":"product_cat","embeddable":true,"href":"https:\/\/dolcevitauae.com\/ar\/wp-json\/wp\/v2\/product_cat?post=5548"},{"taxonomy":"product_tag","embeddable":true,"href":"https:\/\/dolcevitauae.com\/ar\/wp-json\/wp\/v2\/product_tag?post=5548"}],"curies":[{"name":"wp","href":"https:\/\/api.w.org\/{rel}","templated":true}]}}